{"id":6899,"date":"2025-10-10T16:09:09","date_gmt":"2025-10-10T19:09:09","guid":{"rendered":"https:\/\/artica.capital\/?page_id=6899"},"modified":"2025-10-10T16:12:12","modified_gmt":"2025-10-10T19:12:12","slug":"recrutamento-ti","status":"publish","type":"page","link":"https:\/\/artica.capital\/en\/recrutamento-ti\/","title":{"rendered":"Recrutamento TI"},"content":{"rendered":"<h2 class=\"wp-block-heading\">Software Developer<\/h2>\n\n\n\n<p>Buscamos um Desenvolvedor de Software para atuar como pilar t\u00e9cnico da equipe de tecnologia do \u00c1rtica. A principal responsabilidade ser\u00e1 o desenvolvimento de sistemas internos, automa\u00e7\u00f5es e ferramentas que suportem os processos operacionais da gestora e tragam ganho de efici\u00eancia ao time. Al\u00e9m disso, esperamos que essa pessoa tamb\u00e9m apoie, de forma pontual, demandas generalistas de TI, como interface com fornecedores externos de tecnologia e suporte \u00e0s demandas da \u00e1rea de marketing.<\/p>\n\n\n\n<p><strong>Principais responsabilidades<\/strong><\/p>\n\n\n\n<ul class=\"wp-block-list\">\n<li>Desenvolver sistemas internos, ferramentas e automa\u00e7\u00f5es para apoiar processos da Asset (ex: relat\u00f3rios automatizados, rotinas de integra\u00e7\u00e3o entre sistemas, workflows internos etc.)<\/li>\n\n\n\n<li>Atuar em projetos de melhoria de processos, traduzindo demandas de neg\u00f3cio em solu\u00e7\u00f5es t\u00e9cnicas<\/li>\n\n\n\n<li>Manter e evoluir ferramentas internas j\u00e1 existentes<\/li>\n\n\n\n<li>Trabalhar em parceria com outras \u00e1reas da gestora para entender requisitos e implementar solu\u00e7\u00f5es tecnol\u00f3gicas sob medida<\/li>\n\n\n\n<li>Realizar testes, documenta\u00e7\u00e3o e manuten\u00e7\u00e3o cont\u00ednua das solu\u00e7\u00f5es desenvolvidas<\/li>\n<\/ul>\n\n\n\n<p><strong>Requisitos<\/strong><\/p>\n\n\n\n<ul class=\"wp-block-list\">\n<li>Ensino superior completo ou em curso preferencialmente em Ci\u00eancia da Computa\u00e7\u00e3o, Engenharia, Sistemas de Informa\u00e7\u00e3o ou \u00e1reas correlatas.<\/li>\n\n\n\n<li>Experi\u00eancia em desenvolvimento de software e automa\u00e7\u00f5es.<\/li>\n\n\n\n<li>Viv\u00eancia em ambientes enxutos, com autonomia e proximidade com o neg\u00f3cio, ser\u00e1 valorizada.<\/li>\n\n\n\n<li>Pacote Office<\/li>\n\n\n\n<li>Python e conhecimento b\u00e1sico de frontend<\/li>\n\n\n\n<li>Familiaridade com APIs, integra\u00e7\u00f5es entre sistemas e l\u00f3gica de automa\u00e7\u00e3o<\/li>\n<\/ul>\n\n\n\n<h2 class=\"wp-block-heading\">Inscreva-se:<br><\/h2>\n\n\n\n<p><\/p>\n\n\n\n<p><br><script type=\"text\/javascript\" src=\"https:\/\/info.artica.capital\/form\/generate.js?id=37\"><\/script><\/p>\n\n\n\n<p><\/p>","protected":false},"excerpt":{"rendered":"<p>Desenvolvedor de Software Buscamos um Desenvolvedor de Software para atuar como pilar t\u00e9cnico da equipe de tecnologia do \u00c1rtica. A principal responsabilidade ser\u00e1 o desenvolvimento de sistemas internos, automa\u00e7\u00f5es e ferramentas que suportem os processos operacionais da gestora e tragam ganho de efici\u00eancia ao time. Al\u00e9m disso, esperamos que essa pessoa tamb\u00e9m apoie, de forma [&hellip;]<\/p>","protected":false},"author":4,"featured_media":0,"parent":0,"menu_order":0,"comment_status":"closed","ping_status":"closed","template":"index-clairfield","meta":{"footnotes":""},"class_list":["post-6899","page","type-page","status-publish","hentry"],"_links":{"self":[{"href":"https:\/\/artica.capital\/en\/wp-json\/wp\/v2\/pages\/6899","targetHints":{"allow":["GET"]}}],"collection":[{"href":"https:\/\/artica.capital\/en\/wp-json\/wp\/v2\/pages"}],"about":[{"href":"https:\/\/artica.capital\/en\/wp-json\/wp\/v2\/types\/page"}],"author":[{"embeddable":true,"href":"https:\/\/artica.capital\/en\/wp-json\/wp\/v2\/users\/4"}],"replies":[{"embeddable":true,"href":"https:\/\/artica.capital\/en\/wp-json\/wp\/v2\/comments?post=6899"}],"version-history":[{"count":4,"href":"https:\/\/artica.capital\/en\/wp-json\/wp\/v2\/pages\/6899\/revisions"}],"predecessor-version":[{"id":6904,"href":"https:\/\/artica.capital\/en\/wp-json\/wp\/v2\/pages\/6899\/revisions\/6904"}],"wp:attachment":[{"href":"https:\/\/artica.capital\/en\/wp-json\/wp\/v2\/media?parent=6899"}],"curies":[{"name":"wp","href":"https:\/\/api.w.org\/{rel}","templated":true}]}}