{"id":6595,"date":"2025-08-19T14:09:42","date_gmt":"2025-08-19T17:09:42","guid":{"rendered":"https:\/\/artica.capital\/?page_id=6595"},"modified":"2025-09-04T17:04:14","modified_gmt":"2025-09-04T20:04:14","slug":"lancamento-estudo","status":"publish","type":"page","link":"https:\/\/artica.capital\/en\/lancamento-estudo\/","title":{"rendered":"Lan\u00e7amento Estudo"},"content":{"rendered":"<p class=\"has-rocha-color has-text-color has-link-color has-medium-font-size wp-elements-18b0cca6e71851aef6c10af1c51a5301\" style=\"margin-right:0;margin-left:0\">Estudo \u00c1rtica e Aditus<\/p>\n\n\n\n<div class=\"wp-block-columns is-layout-flex wp-container-core-columns-is-layout-28f84493 wp-block-columns-is-layout-flex\">\n<div class=\"wp-block-column is-layout-flow wp-block-column-is-layout-flow\">\n<figure class=\"wp-block-image size-full is-resized\" style=\"margin-right:0;margin-left:0\"><img loading=\"lazy\" decoding=\"async\" width=\"523\" height=\"720\" src=\"https:\/\/artica.capital\/wp-content\/uploads\/2025\/08\/Thumbs-Carta-Youtube-2.png\" alt=\"-\" class=\"wp-image-6601\" style=\"width:405px;height:auto\" srcset=\"https:\/\/artica.capital\/wp-content\/uploads\/2025\/08\/Thumbs-Carta-Youtube-2.png 523w, https:\/\/artica.capital\/wp-content\/uploads\/2025\/08\/Thumbs-Carta-Youtube-2-218x300.png 218w, https:\/\/artica.capital\/wp-content\/uploads\/2025\/08\/Thumbs-Carta-Youtube-2-9x12.png 9w\" sizes=\"auto, (max-width: 523px) 100vw, 523px\" \/><\/figure>\n<\/div>\n\n\n\n<div class=\"wp-block-column is-layout-flow wp-block-column-is-layout-flow\">\n<p class=\"has-artica-mar-color has-text-color has-link-color wp-elements-8ea43790d7fcb43308a5089517fc75f4\" style=\"font-size:20px\"><\/p>\n\n\n\n<p class=\"has-artica-oceano-color has-text-color has-link-color wp-elements-fe2da8f67ea18a987291fab4fae688a2\" style=\"font-size:28px;line-height:1.5\"><strong>GEST\u00c3O DE FUNDOS DE PENS\u00c3O NO BRASIL<\/strong>: Discuss\u00e3o das melhores pr\u00e1ticas para investidores institucionais<\/p>\n\n\n\n<p class=\"has-noite-color has-text-color has-link-color wp-elements-ef45eadd9a007802e5b48a360eacc19b\" style=\"font-size:24px\"><\/p>\n\n\n\n<p class=\"has-noite-color has-text-color has-link-color wp-elements-dbe468656e7f3765eddfd33286252f2b\" style=\"font-size:20px\">Inscreva-se para receber o estudo completo<\/p>\n\n\n\n<p class=\"has-rocha-color has-text-color has-link-color wp-elements-7887d21078c057d62e09bb54d41402f8\" style=\"font-size:17px\"><\/p>\n\n\n<p><script type=\"text\/javascript\" src=\"https:\/\/info.artica.capital\/form\/generate.js?id=36\"><\/script><\/p>\n<\/div>\n<\/div>","protected":false},"excerpt":{"rendered":"<p>Estudo \u00c1rtica e Aditus GEST\u00c3O DE FUNDOS DE PENS\u00c3O NO BRASIL: Discuss\u00e3o das melhores pr\u00e1ticas para investidores institucionais Inscreva-se para receber o estudo completo<\/p>","protected":false},"author":4,"featured_media":0,"parent":0,"menu_order":0,"comment_status":"closed","ping_status":"closed","template":"","meta":{"footnotes":""},"class_list":["post-6595","page","type-page","status-publish","hentry"],"_links":{"self":[{"href":"https:\/\/artica.capital\/en\/wp-json\/wp\/v2\/pages\/6595","targetHints":{"allow":["GET"]}}],"collection":[{"href":"https:\/\/artica.capital\/en\/wp-json\/wp\/v2\/pages"}],"about":[{"href":"https:\/\/artica.capital\/en\/wp-json\/wp\/v2\/types\/page"}],"author":[{"embeddable":true,"href":"https:\/\/artica.capital\/en\/wp-json\/wp\/v2\/users\/4"}],"replies":[{"embeddable":true,"href":"https:\/\/artica.capital\/en\/wp-json\/wp\/v2\/comments?post=6595"}],"version-history":[{"count":3,"href":"https:\/\/artica.capital\/en\/wp-json\/wp\/v2\/pages\/6595\/revisions"}],"predecessor-version":[{"id":6771,"href":"https:\/\/artica.capital\/en\/wp-json\/wp\/v2\/pages\/6595\/revisions\/6771"}],"wp:attachment":[{"href":"https:\/\/artica.capital\/en\/wp-json\/wp\/v2\/media?parent=6595"}],"curies":[{"name":"wp","href":"https:\/\/api.w.org\/{rel}","templated":true}]}}