{"id":1719,"date":"2025-07-14T18:08:15","date_gmt":"2025-07-14T21:08:15","guid":{"rendered":"https:\/\/artica.capital\/?page_id=1719"},"modified":"2025-09-04T14:57:41","modified_gmt":"2025-09-04T17:57:41","slug":"captacao-de-recursos","status":"publish","type":"page","link":"https:\/\/artica.capital\/en\/clairfield\/captacao-de-recursos\/","title":{"rendered":"\u00c1rtica Capta\u00e7\u00e3o de Recursos"},"content":{"rendered":"","protected":false},"excerpt":{"rendered":"","protected":false},"author":1,"featured_media":0,"parent":656,"menu_order":0,"comment_status":"closed","ping_status":"closed","template":"page-captacaoderecursos","meta":{"footnotes":""},"class_list":["post-1719","page","type-page","status-publish","hentry"],"_links":{"self":[{"href":"https:\/\/artica.capital\/en\/wp-json\/wp\/v2\/pages\/1719","targetHints":{"allow":["GET"]}}],"collection":[{"href":"https:\/\/artica.capital\/en\/wp-json\/wp\/v2\/pages"}],"about":[{"href":"https:\/\/artica.capital\/en\/wp-json\/wp\/v2\/types\/page"}],"author":[{"embeddable":true,"href":"https:\/\/artica.capital\/en\/wp-json\/wp\/v2\/users\/1"}],"replies":[{"embeddable":true,"href":"https:\/\/artica.capital\/en\/wp-json\/wp\/v2\/comments?post=1719"}],"version-history":[{"count":2,"href":"https:\/\/artica.capital\/en\/wp-json\/wp\/v2\/pages\/1719\/revisions"}],"predecessor-version":[{"id":6634,"href":"https:\/\/artica.capital\/en\/wp-json\/wp\/v2\/pages\/1719\/revisions\/6634"}],"up":[{"embeddable":true,"href":"https:\/\/artica.capital\/en\/wp-json\/wp\/v2\/pages\/656"}],"wp:attachment":[{"href":"https:\/\/artica.capital\/en\/wp-json\/wp\/v2\/media?parent=1719"}],"curies":[{"name":"wp","href":"https:\/\/api.w.org\/{rel}","templated":true}]}}